{"id":12118,"date":"2025-07-25T13:23:49","date_gmt":"2025-07-25T11:23:49","guid":{"rendered":"https:\/\/dulsineja.com\/proizvod\/forest-fig-fields-limited-edition\/"},"modified":"2025-12-24T00:16:19","modified_gmt":"2025-12-23T22:16:19","slug":"forest-fig-fields-limited-edition","status":"publish","type":"product","link":"https:\/\/dulsineja.com\/en\/product\/forest-fig-fields-limited-edition\/","title":{"rendered":"Forest Fig Fields &#8211; Limited edition"},"content":{"rendered":"","protected":false},"excerpt":{"rendered":"<p><em><span style=\"font-weight: 400;\">D<\/span><\/em><i><span style=\"font-weight: 400;\">izajnirana svilena marama iz porodice Dulsineja<\/span><\/i><\/p>\n<p>&#8220;Forest Fig Fields&#8221; kolekcija je limitirana, a u srcu dizajna spajaju se suprotnosti koje savr\u0161eno funkcioni\u0161u.<br \/>\nStrukturiran izgled inspirisan klasicnim Prince de Galles dezenom je armatura, osnova, temelj. On daje stabilnost, \u010dvrstinu i podr\u0161ku rasko\u0161noj simbolici smokve.<\/p>\n","protected":false},"featured_media":12114,"template":"","meta":{"inline_featured_image":false},"product_cat":[183,126],"product_tag":[],"class_list":{"0":"post-12118","1":"product","2":"type-product","3":"status-publish","4":"has-post-thumbnail","6":"product_cat-66cm-x-66cm-en","7":"product_cat-scarves","9":"first","10":"instock","11":"shipping-taxable","12":"purchasable","13":"product-type-simple","14":"layout-style-2","15":"col-md-4 col-sm-4 col-xs-6","16":"col-lg-3","17":"product-has-gallery","18":"product-style-addtocart"},"yoast_head":"<!-- This site is optimized with the Yoast SEO plugin v27.5 - https:\/\/yoast.com\/product\/yoast-seo-wordpress\/ -->\n<title>Forest Fig Fields - Limited edition - Dulsineja<\/title>\n<meta name=\"robots\" content=\"index, follow, max-snippet:-1, max-image-preview:large, max-video-preview:-1\" \/>\n<link rel=\"canonical\" href=\"https:\/\/dulsineja.com\/en\/product\/forest-fig-fields-limited-edition\/\" \/>\n<meta property=\"og:locale\" content=\"en_US\" \/>\n<meta property=\"og:type\" content=\"article\" \/>\n<meta property=\"og:title\" content=\"Forest Fig Fields - Limited edition - Dulsineja\" \/>\n<meta property=\"og:description\" content=\"Dizajnirana svilena marama iz porodice Dulsineja  &quot;Forest Fig Fields&quot; kolekcija je limitirana, a u srcu dizajna spajaju se suprotnosti koje savr\u0161eno funkcioni\u0161u. Strukturiran izgled inspirisan klasicnim Prince de Galles dezenom je armatura, osnova, temelj. On daje stabilnost, \u010dvrstinu i podr\u0161ku rasko\u0161noj simbolici smokve.\" \/>\n<meta property=\"og:url\" content=\"https:\/\/dulsineja.com\/en\/product\/forest-fig-fields-limited-edition\/\" \/>\n<meta property=\"og:site_name\" content=\"Dulsineja\" \/>\n<meta property=\"article:publisher\" content=\"https:\/\/www.facebook.com\/dulsineja.official\/\" \/>\n<meta property=\"article:modified_time\" content=\"2025-12-23T22:16:19+00:00\" \/>\n<meta property=\"og:image\" content=\"https:\/\/dulsineja.com\/wp-content\/uploads\/2025\/07\/forest.jpg\" \/>\n\t<meta property=\"og:image:width\" content=\"900\" \/>\n\t<meta property=\"og:image:height\" content=\"1125\" \/>\n\t<meta property=\"og:image:type\" content=\"image\/jpeg\" \/>\n<meta name=\"twitter:card\" content=\"summary_large_image\" \/>\n<script type=\"application\/ld+json\" class=\"yoast-schema-graph\">{\"@context\":\"https:\\\/\\\/schema.org\",\"@graph\":[{\"@type\":\"WebPage\",\"@id\":\"https:\\\/\\\/dulsineja.com\\\/en\\\/product\\\/forest-fig-fields-limited-edition\\\/\",\"url\":\"https:\\\/\\\/dulsineja.com\\\/en\\\/product\\\/forest-fig-fields-limited-edition\\\/\",\"name\":\"Forest Fig Fields - Limited edition - Dulsineja\",\"isPartOf\":{\"@id\":\"https:\\\/\\\/dulsineja.com\\\/en\\\/#website\"},\"primaryImageOfPage\":{\"@id\":\"https:\\\/\\\/dulsineja.com\\\/en\\\/product\\\/forest-fig-fields-limited-edition\\\/#primaryimage\"},\"image\":{\"@id\":\"https:\\\/\\\/dulsineja.com\\\/en\\\/product\\\/forest-fig-fields-limited-edition\\\/#primaryimage\"},\"thumbnailUrl\":\"https:\\\/\\\/dulsineja.com\\\/wp-content\\\/uploads\\\/2025\\\/07\\\/forest.jpg\",\"datePublished\":\"2025-07-25T11:23:49+00:00\",\"dateModified\":\"2025-12-23T22:16:19+00:00\",\"breadcrumb\":{\"@id\":\"https:\\\/\\\/dulsineja.com\\\/en\\\/product\\\/forest-fig-fields-limited-edition\\\/#breadcrumb\"},\"inLanguage\":\"en-US\",\"potentialAction\":[{\"@type\":\"ReadAction\",\"target\":[\"https:\\\/\\\/dulsineja.com\\\/en\\\/product\\\/forest-fig-fields-limited-edition\\\/\"]}]},{\"@type\":\"ImageObject\",\"inLanguage\":\"en-US\",\"@id\":\"https:\\\/\\\/dulsineja.com\\\/en\\\/product\\\/forest-fig-fields-limited-edition\\\/#primaryimage\",\"url\":\"https:\\\/\\\/dulsineja.com\\\/wp-content\\\/uploads\\\/2025\\\/07\\\/forest.jpg\",\"contentUrl\":\"https:\\\/\\\/dulsineja.com\\\/wp-content\\\/uploads\\\/2025\\\/07\\\/forest.jpg\",\"width\":900,\"height\":1125},{\"@type\":\"BreadcrumbList\",\"@id\":\"https:\\\/\\\/dulsineja.com\\\/en\\\/product\\\/forest-fig-fields-limited-edition\\\/#breadcrumb\",\"itemListElement\":[{\"@type\":\"ListItem\",\"position\":1,\"name\":\"Po\u010detna\",\"item\":\"https:\\\/\\\/dulsineja.com\\\/en\\\/\"},{\"@type\":\"ListItem\",\"position\":2,\"name\":\"Shop\",\"item\":\"https:\\\/\\\/dulsineja.com\\\/shop\\\/\"},{\"@type\":\"ListItem\",\"position\":3,\"name\":\"Forest Fig Fields &#8211; Limited edition\"}]},{\"@type\":\"WebSite\",\"@id\":\"https:\\\/\\\/dulsineja.com\\\/en\\\/#website\",\"url\":\"https:\\\/\\\/dulsineja.com\\\/en\\\/\",\"name\":\"Dulsineja\",\"description\":\"Ne\u017eni dodir stvarala\u0161tva\",\"publisher\":{\"@id\":\"https:\\\/\\\/dulsineja.com\\\/en\\\/#organization\"},\"potentialAction\":[{\"@type\":\"SearchAction\",\"target\":{\"@type\":\"EntryPoint\",\"urlTemplate\":\"https:\\\/\\\/dulsineja.com\\\/en\\\/?s={search_term_string}\"},\"query-input\":{\"@type\":\"PropertyValueSpecification\",\"valueRequired\":true,\"valueName\":\"search_term_string\"}}],\"inLanguage\":\"en-US\"},{\"@type\":\"Organization\",\"@id\":\"https:\\\/\\\/dulsineja.com\\\/en\\\/#organization\",\"name\":\"Dulsineja Atelier\",\"url\":\"https:\\\/\\\/dulsineja.com\\\/en\\\/\",\"logo\":{\"@type\":\"ImageObject\",\"inLanguage\":\"en-US\",\"@id\":\"https:\\\/\\\/dulsineja.com\\\/en\\\/#\\\/schema\\\/logo\\\/image\\\/\",\"url\":\"https:\\\/\\\/dulsineja.com\\\/wp-content\\\/uploads\\\/2022\\\/07\\\/Dulsineja_logo_crni.png\",\"contentUrl\":\"https:\\\/\\\/dulsineja.com\\\/wp-content\\\/uploads\\\/2022\\\/07\\\/Dulsineja_logo_crni.png\",\"width\":280,\"height\":36,\"caption\":\"Dulsineja Atelier\"},\"image\":{\"@id\":\"https:\\\/\\\/dulsineja.com\\\/en\\\/#\\\/schema\\\/logo\\\/image\\\/\"},\"sameAs\":[\"https:\\\/\\\/www.facebook.com\\\/dulsineja.official\\\/\",\"https:\\\/\\\/www.instagram.com\\\/dulsineja.atelier\\\/\"]}]}<\/script>\n<!-- \/ Yoast SEO plugin. -->","yoast_head_json":{"title":"Forest Fig Fields - Limited edition - Dulsineja","robots":{"index":"index","follow":"follow","max-snippet":"max-snippet:-1","max-image-preview":"max-image-preview:large","max-video-preview":"max-video-preview:-1"},"canonical":"https:\/\/dulsineja.com\/en\/product\/forest-fig-fields-limited-edition\/","og_locale":"en_US","og_type":"article","og_title":"Forest Fig Fields - Limited edition - Dulsineja","og_description":"Dizajnirana svilena marama iz porodice Dulsineja  \"Forest Fig Fields\" kolekcija je limitirana, a u srcu dizajna spajaju se suprotnosti koje savr\u0161eno funkcioni\u0161u. Strukturiran izgled inspirisan klasicnim Prince de Galles dezenom je armatura, osnova, temelj. On daje stabilnost, \u010dvrstinu i podr\u0161ku rasko\u0161noj simbolici smokve.","og_url":"https:\/\/dulsineja.com\/en\/product\/forest-fig-fields-limited-edition\/","og_site_name":"Dulsineja","article_publisher":"https:\/\/www.facebook.com\/dulsineja.official\/","article_modified_time":"2025-12-23T22:16:19+00:00","og_image":[{"width":900,"height":1125,"url":"https:\/\/dulsineja.com\/wp-content\/uploads\/2025\/07\/forest.jpg","type":"image\/jpeg"}],"twitter_card":"summary_large_image","schema":{"@context":"https:\/\/schema.org","@graph":[{"@type":"WebPage","@id":"https:\/\/dulsineja.com\/en\/product\/forest-fig-fields-limited-edition\/","url":"https:\/\/dulsineja.com\/en\/product\/forest-fig-fields-limited-edition\/","name":"Forest Fig Fields - Limited edition - Dulsineja","isPartOf":{"@id":"https:\/\/dulsineja.com\/en\/#website"},"primaryImageOfPage":{"@id":"https:\/\/dulsineja.com\/en\/product\/forest-fig-fields-limited-edition\/#primaryimage"},"image":{"@id":"https:\/\/dulsineja.com\/en\/product\/forest-fig-fields-limited-edition\/#primaryimage"},"thumbnailUrl":"https:\/\/dulsineja.com\/wp-content\/uploads\/2025\/07\/forest.jpg","datePublished":"2025-07-25T11:23:49+00:00","dateModified":"2025-12-23T22:16:19+00:00","breadcrumb":{"@id":"https:\/\/dulsineja.com\/en\/product\/forest-fig-fields-limited-edition\/#breadcrumb"},"inLanguage":"en-US","potentialAction":[{"@type":"ReadAction","target":["https:\/\/dulsineja.com\/en\/product\/forest-fig-fields-limited-edition\/"]}]},{"@type":"ImageObject","inLanguage":"en-US","@id":"https:\/\/dulsineja.com\/en\/product\/forest-fig-fields-limited-edition\/#primaryimage","url":"https:\/\/dulsineja.com\/wp-content\/uploads\/2025\/07\/forest.jpg","contentUrl":"https:\/\/dulsineja.com\/wp-content\/uploads\/2025\/07\/forest.jpg","width":900,"height":1125},{"@type":"BreadcrumbList","@id":"https:\/\/dulsineja.com\/en\/product\/forest-fig-fields-limited-edition\/#breadcrumb","itemListElement":[{"@type":"ListItem","position":1,"name":"Po\u010detna","item":"https:\/\/dulsineja.com\/en\/"},{"@type":"ListItem","position":2,"name":"Shop","item":"https:\/\/dulsineja.com\/shop\/"},{"@type":"ListItem","position":3,"name":"Forest Fig Fields &#8211; Limited edition"}]},{"@type":"WebSite","@id":"https:\/\/dulsineja.com\/en\/#website","url":"https:\/\/dulsineja.com\/en\/","name":"Dulsineja","description":"Ne\u017eni dodir stvarala\u0161tva","publisher":{"@id":"https:\/\/dulsineja.com\/en\/#organization"},"potentialAction":[{"@type":"SearchAction","target":{"@type":"EntryPoint","urlTemplate":"https:\/\/dulsineja.com\/en\/?s={search_term_string}"},"query-input":{"@type":"PropertyValueSpecification","valueRequired":true,"valueName":"search_term_string"}}],"inLanguage":"en-US"},{"@type":"Organization","@id":"https:\/\/dulsineja.com\/en\/#organization","name":"Dulsineja Atelier","url":"https:\/\/dulsineja.com\/en\/","logo":{"@type":"ImageObject","inLanguage":"en-US","@id":"https:\/\/dulsineja.com\/en\/#\/schema\/logo\/image\/","url":"https:\/\/dulsineja.com\/wp-content\/uploads\/2022\/07\/Dulsineja_logo_crni.png","contentUrl":"https:\/\/dulsineja.com\/wp-content\/uploads\/2022\/07\/Dulsineja_logo_crni.png","width":280,"height":36,"caption":"Dulsineja Atelier"},"image":{"@id":"https:\/\/dulsineja.com\/en\/#\/schema\/logo\/image\/"},"sameAs":["https:\/\/www.facebook.com\/dulsineja.official\/","https:\/\/www.instagram.com\/dulsineja.atelier\/"]}]}},"_links":{"self":[{"href":"https:\/\/dulsineja.com\/en\/wp-json\/wp\/v2\/product\/12118","targetHints":{"allow":["GET"]}}],"collection":[{"href":"https:\/\/dulsineja.com\/en\/wp-json\/wp\/v2\/product"}],"about":[{"href":"https:\/\/dulsineja.com\/en\/wp-json\/wp\/v2\/types\/product"}],"version-history":[{"count":1,"href":"https:\/\/dulsineja.com\/en\/wp-json\/wp\/v2\/product\/12118\/revisions"}],"predecessor-version":[{"id":12209,"href":"https:\/\/dulsineja.com\/en\/wp-json\/wp\/v2\/product\/12118\/revisions\/12209"}],"wp:featuredmedia":[{"embeddable":true,"href":"https:\/\/dulsineja.com\/en\/wp-json\/wp\/v2\/media\/12114"}],"wp:attachment":[{"href":"https:\/\/dulsineja.com\/en\/wp-json\/wp\/v2\/media?parent=12118"}],"wp:term":[{"taxonomy":"product_cat","embeddable":true,"href":"https:\/\/dulsineja.com\/en\/wp-json\/wp\/v2\/product_cat?post=12118"},{"taxonomy":"product_tag","embeddable":true,"href":"https:\/\/dulsineja.com\/en\/wp-json\/wp\/v2\/product_tag?post=12118"}],"curies":[{"name":"wp","href":"https:\/\/api.w.org\/{rel}","templated":true}]}}