{"id":12536,"date":"2024-12-26T01:21:06","date_gmt":"2024-12-25T23:21:06","guid":{"rendered":"https:\/\/dulsineja.com\/proizvod\/leopard-powder\/"},"modified":"2026-04-20T14:58:42","modified_gmt":"2026-04-20T12:58:42","slug":"leopard-powder","status":"publish","type":"product","link":"https:\/\/dulsineja.com\/en\/product\/leopard-powder\/","title":{"rendered":"Leopard Powder SOLD OUT"},"content":{"rendered":"","protected":false},"excerpt":{"rendered":"<p><em><span style=\"font-weight: 400;\">D<\/span><\/em><i><span style=\"font-weight: 400;\">izajnirana svilena marama iz porodice Dulsineja<\/span><\/i><\/p>\n<p><span style=\"font-weight: 400;\">Dulsineja marama je nastala sa idejom da unese odre\u0111enu dozu kreativnosti u svakodnevnicu.<\/span><\/p>\n<p><span style=\"font-weight: 400;\">Ono \u0161to ove marame c\u030cini autentic\u030cnim jeste proces izrade. Primenom drevne isto\u010dnja\u010dke tehnike slikanja na svili, kombinacijom transparentnog linijskog crte\u017ea, bez unapred nacrtane \u0161eme i akvarel tehnike, nastaje Dulsineja marama. Svaki print je ilustrovan rukom, a zatim preveden u digitalni jezik.<\/span><\/p>\n","protected":false},"featured_media":11741,"template":"","meta":{"inline_featured_image":false},"product_cat":[183,126],"product_tag":[],"class_list":{"0":"post-12536","1":"product","2":"type-product","3":"status-publish","4":"has-post-thumbnail","6":"product_cat-66cm-x-66cm-en","7":"product_cat-scarves","9":"first","10":"instock","11":"sale","12":"shipping-taxable","13":"purchasable","14":"product-type-simple","15":"layout-style-2","16":"col-md-4 col-sm-4 col-xs-6","17":"col-lg-3","18":"product-style-addtocart"},"yoast_head":"<!-- This site is optimized with the Yoast SEO plugin v27.4 - https:\/\/yoast.com\/product\/yoast-seo-wordpress\/ -->\n<title>Leopard Powder SOLD OUT - Dulsineja<\/title>\n<meta name=\"robots\" content=\"index, follow, max-snippet:-1, max-image-preview:large, max-video-preview:-1\" \/>\n<link rel=\"canonical\" href=\"https:\/\/dulsineja.com\/en\/product\/leopard-powder\/\" \/>\n<meta property=\"og:locale\" content=\"en_US\" \/>\n<meta property=\"og:type\" content=\"article\" \/>\n<meta property=\"og:title\" content=\"Leopard Powder SOLD OUT - Dulsineja\" \/>\n<meta property=\"og:description\" content=\"Dizajnirana svilena marama iz porodice Dulsineja  Dulsineja marama je nastala sa idejom da unese odre\u0111enu dozu kreativnosti u svakodnevnicu.  Ono \u0161to ove marame c\u030cini autentic\u030cnim jeste proces izrade. Primenom drevne isto\u010dnja\u010dke tehnike slikanja na svili, kombinacijom transparentnog linijskog crte\u017ea, bez unapred nacrtane \u0161eme i akvarel tehnike, nastaje Dulsineja marama. Svaki print je ilustrovan rukom, a zatim preveden u digitalni jezik.\" \/>\n<meta property=\"og:url\" content=\"https:\/\/dulsineja.com\/en\/product\/leopard-powder\/\" \/>\n<meta property=\"og:site_name\" content=\"Dulsineja\" \/>\n<meta property=\"article:publisher\" content=\"https:\/\/www.facebook.com\/dulsineja.official\/\" \/>\n<meta property=\"article:modified_time\" content=\"2026-04-20T12:58:42+00:00\" \/>\n<meta property=\"og:image\" content=\"https:\/\/dulsineja.com\/wp-content\/uploads\/2024\/12\/powder.jpg\" \/>\n\t<meta property=\"og:image:width\" content=\"937\" \/>\n\t<meta property=\"og:image:height\" content=\"1130\" \/>\n\t<meta property=\"og:image:type\" content=\"image\/jpeg\" \/>\n<meta name=\"twitter:card\" content=\"summary_large_image\" \/>\n<script type=\"application\/ld+json\" class=\"yoast-schema-graph\">{\"@context\":\"https:\\\/\\\/schema.org\",\"@graph\":[{\"@type\":\"WebPage\",\"@id\":\"https:\\\/\\\/dulsineja.com\\\/en\\\/product\\\/leopard-powder\\\/\",\"url\":\"https:\\\/\\\/dulsineja.com\\\/en\\\/product\\\/leopard-powder\\\/\",\"name\":\"Leopard Powder SOLD OUT - Dulsineja\",\"isPartOf\":{\"@id\":\"https:\\\/\\\/dulsineja.com\\\/en\\\/#website\"},\"primaryImageOfPage\":{\"@id\":\"https:\\\/\\\/dulsineja.com\\\/en\\\/product\\\/leopard-powder\\\/#primaryimage\"},\"image\":{\"@id\":\"https:\\\/\\\/dulsineja.com\\\/en\\\/product\\\/leopard-powder\\\/#primaryimage\"},\"thumbnailUrl\":\"https:\\\/\\\/dulsineja.com\\\/wp-content\\\/uploads\\\/2024\\\/12\\\/powder.jpg\",\"datePublished\":\"2024-12-25T23:21:06+00:00\",\"dateModified\":\"2026-04-20T12:58:42+00:00\",\"breadcrumb\":{\"@id\":\"https:\\\/\\\/dulsineja.com\\\/en\\\/product\\\/leopard-powder\\\/#breadcrumb\"},\"inLanguage\":\"en-US\",\"potentialAction\":[{\"@type\":\"ReadAction\",\"target\":[\"https:\\\/\\\/dulsineja.com\\\/en\\\/product\\\/leopard-powder\\\/\"]}]},{\"@type\":\"ImageObject\",\"inLanguage\":\"en-US\",\"@id\":\"https:\\\/\\\/dulsineja.com\\\/en\\\/product\\\/leopard-powder\\\/#primaryimage\",\"url\":\"https:\\\/\\\/dulsineja.com\\\/wp-content\\\/uploads\\\/2024\\\/12\\\/powder.jpg\",\"contentUrl\":\"https:\\\/\\\/dulsineja.com\\\/wp-content\\\/uploads\\\/2024\\\/12\\\/powder.jpg\",\"width\":937,\"height\":1130},{\"@type\":\"BreadcrumbList\",\"@id\":\"https:\\\/\\\/dulsineja.com\\\/en\\\/product\\\/leopard-powder\\\/#breadcrumb\",\"itemListElement\":[{\"@type\":\"ListItem\",\"position\":1,\"name\":\"Po\u010detna\",\"item\":\"https:\\\/\\\/dulsineja.com\\\/en\\\/\"},{\"@type\":\"ListItem\",\"position\":2,\"name\":\"Shop\",\"item\":\"https:\\\/\\\/dulsineja.com\\\/shop\\\/\"},{\"@type\":\"ListItem\",\"position\":3,\"name\":\"Leopard Powder SOLD OUT\"}]},{\"@type\":\"WebSite\",\"@id\":\"https:\\\/\\\/dulsineja.com\\\/en\\\/#website\",\"url\":\"https:\\\/\\\/dulsineja.com\\\/en\\\/\",\"name\":\"Dulsineja\",\"description\":\"Ne\u017eni dodir stvarala\u0161tva\",\"publisher\":{\"@id\":\"https:\\\/\\\/dulsineja.com\\\/en\\\/#organization\"},\"potentialAction\":[{\"@type\":\"SearchAction\",\"target\":{\"@type\":\"EntryPoint\",\"urlTemplate\":\"https:\\\/\\\/dulsineja.com\\\/en\\\/?s={search_term_string}\"},\"query-input\":{\"@type\":\"PropertyValueSpecification\",\"valueRequired\":true,\"valueName\":\"search_term_string\"}}],\"inLanguage\":\"en-US\"},{\"@type\":\"Organization\",\"@id\":\"https:\\\/\\\/dulsineja.com\\\/en\\\/#organization\",\"name\":\"Dulsineja Atelier\",\"url\":\"https:\\\/\\\/dulsineja.com\\\/en\\\/\",\"logo\":{\"@type\":\"ImageObject\",\"inLanguage\":\"en-US\",\"@id\":\"https:\\\/\\\/dulsineja.com\\\/en\\\/#\\\/schema\\\/logo\\\/image\\\/\",\"url\":\"https:\\\/\\\/dulsineja.com\\\/wp-content\\\/uploads\\\/2022\\\/07\\\/Dulsineja_logo_crni.png\",\"contentUrl\":\"https:\\\/\\\/dulsineja.com\\\/wp-content\\\/uploads\\\/2022\\\/07\\\/Dulsineja_logo_crni.png\",\"width\":280,\"height\":36,\"caption\":\"Dulsineja Atelier\"},\"image\":{\"@id\":\"https:\\\/\\\/dulsineja.com\\\/en\\\/#\\\/schema\\\/logo\\\/image\\\/\"},\"sameAs\":[\"https:\\\/\\\/www.facebook.com\\\/dulsineja.official\\\/\",\"https:\\\/\\\/www.instagram.com\\\/dulsineja.atelier\\\/\"]}]}<\/script>\n<!-- \/ Yoast SEO plugin. -->","yoast_head_json":{"title":"Leopard Powder SOLD OUT - Dulsineja","robots":{"index":"index","follow":"follow","max-snippet":"max-snippet:-1","max-image-preview":"max-image-preview:large","max-video-preview":"max-video-preview:-1"},"canonical":"https:\/\/dulsineja.com\/en\/product\/leopard-powder\/","og_locale":"en_US","og_type":"article","og_title":"Leopard Powder SOLD OUT - Dulsineja","og_description":"Dizajnirana svilena marama iz porodice Dulsineja  Dulsineja marama je nastala sa idejom da unese odre\u0111enu dozu kreativnosti u svakodnevnicu.  Ono \u0161to ove marame c\u030cini autentic\u030cnim jeste proces izrade. Primenom drevne isto\u010dnja\u010dke tehnike slikanja na svili, kombinacijom transparentnog linijskog crte\u017ea, bez unapred nacrtane \u0161eme i akvarel tehnike, nastaje Dulsineja marama. Svaki print je ilustrovan rukom, a zatim preveden u digitalni jezik.","og_url":"https:\/\/dulsineja.com\/en\/product\/leopard-powder\/","og_site_name":"Dulsineja","article_publisher":"https:\/\/www.facebook.com\/dulsineja.official\/","article_modified_time":"2026-04-20T12:58:42+00:00","og_image":[{"width":937,"height":1130,"url":"https:\/\/dulsineja.com\/wp-content\/uploads\/2024\/12\/powder.jpg","type":"image\/jpeg"}],"twitter_card":"summary_large_image","schema":{"@context":"https:\/\/schema.org","@graph":[{"@type":"WebPage","@id":"https:\/\/dulsineja.com\/en\/product\/leopard-powder\/","url":"https:\/\/dulsineja.com\/en\/product\/leopard-powder\/","name":"Leopard Powder SOLD OUT - Dulsineja","isPartOf":{"@id":"https:\/\/dulsineja.com\/en\/#website"},"primaryImageOfPage":{"@id":"https:\/\/dulsineja.com\/en\/product\/leopard-powder\/#primaryimage"},"image":{"@id":"https:\/\/dulsineja.com\/en\/product\/leopard-powder\/#primaryimage"},"thumbnailUrl":"https:\/\/dulsineja.com\/wp-content\/uploads\/2024\/12\/powder.jpg","datePublished":"2024-12-25T23:21:06+00:00","dateModified":"2026-04-20T12:58:42+00:00","breadcrumb":{"@id":"https:\/\/dulsineja.com\/en\/product\/leopard-powder\/#breadcrumb"},"inLanguage":"en-US","potentialAction":[{"@type":"ReadAction","target":["https:\/\/dulsineja.com\/en\/product\/leopard-powder\/"]}]},{"@type":"ImageObject","inLanguage":"en-US","@id":"https:\/\/dulsineja.com\/en\/product\/leopard-powder\/#primaryimage","url":"https:\/\/dulsineja.com\/wp-content\/uploads\/2024\/12\/powder.jpg","contentUrl":"https:\/\/dulsineja.com\/wp-content\/uploads\/2024\/12\/powder.jpg","width":937,"height":1130},{"@type":"BreadcrumbList","@id":"https:\/\/dulsineja.com\/en\/product\/leopard-powder\/#breadcrumb","itemListElement":[{"@type":"ListItem","position":1,"name":"Po\u010detna","item":"https:\/\/dulsineja.com\/en\/"},{"@type":"ListItem","position":2,"name":"Shop","item":"https:\/\/dulsineja.com\/shop\/"},{"@type":"ListItem","position":3,"name":"Leopard Powder SOLD OUT"}]},{"@type":"WebSite","@id":"https:\/\/dulsineja.com\/en\/#website","url":"https:\/\/dulsineja.com\/en\/","name":"Dulsineja","description":"Ne\u017eni dodir stvarala\u0161tva","publisher":{"@id":"https:\/\/dulsineja.com\/en\/#organization"},"potentialAction":[{"@type":"SearchAction","target":{"@type":"EntryPoint","urlTemplate":"https:\/\/dulsineja.com\/en\/?s={search_term_string}"},"query-input":{"@type":"PropertyValueSpecification","valueRequired":true,"valueName":"search_term_string"}}],"inLanguage":"en-US"},{"@type":"Organization","@id":"https:\/\/dulsineja.com\/en\/#organization","name":"Dulsineja Atelier","url":"https:\/\/dulsineja.com\/en\/","logo":{"@type":"ImageObject","inLanguage":"en-US","@id":"https:\/\/dulsineja.com\/en\/#\/schema\/logo\/image\/","url":"https:\/\/dulsineja.com\/wp-content\/uploads\/2022\/07\/Dulsineja_logo_crni.png","contentUrl":"https:\/\/dulsineja.com\/wp-content\/uploads\/2022\/07\/Dulsineja_logo_crni.png","width":280,"height":36,"caption":"Dulsineja Atelier"},"image":{"@id":"https:\/\/dulsineja.com\/en\/#\/schema\/logo\/image\/"},"sameAs":["https:\/\/www.facebook.com\/dulsineja.official\/","https:\/\/www.instagram.com\/dulsineja.atelier\/"]}]}},"_links":{"self":[{"href":"https:\/\/dulsineja.com\/en\/wp-json\/wp\/v2\/product\/12536","targetHints":{"allow":["GET"]}}],"collection":[{"href":"https:\/\/dulsineja.com\/en\/wp-json\/wp\/v2\/product"}],"about":[{"href":"https:\/\/dulsineja.com\/en\/wp-json\/wp\/v2\/types\/product"}],"version-history":[{"count":2,"href":"https:\/\/dulsineja.com\/en\/wp-json\/wp\/v2\/product\/12536\/revisions"}],"predecessor-version":[{"id":12538,"href":"https:\/\/dulsineja.com\/en\/wp-json\/wp\/v2\/product\/12536\/revisions\/12538"}],"wp:featuredmedia":[{"embeddable":true,"href":"https:\/\/dulsineja.com\/en\/wp-json\/wp\/v2\/media\/11741"}],"wp:attachment":[{"href":"https:\/\/dulsineja.com\/en\/wp-json\/wp\/v2\/media?parent=12536"}],"wp:term":[{"taxonomy":"product_cat","embeddable":true,"href":"https:\/\/dulsineja.com\/en\/wp-json\/wp\/v2\/product_cat?post=12536"},{"taxonomy":"product_tag","embeddable":true,"href":"https:\/\/dulsineja.com\/en\/wp-json\/wp\/v2\/product_tag?post=12536"}],"curies":[{"name":"wp","href":"https:\/\/api.w.org\/{rel}","templated":true}]}}